{"id":3039,"date":"2024-06-02T05:49:01","date_gmt":"2024-06-02T05:49:01","guid":{"rendered":"http:\/\/clapat-themes.com\/wordpress\/montoya\/?page_id=3039"},"modified":"2025-10-10T10:59:38","modified_gmt":"2025-10-10T08:59:38","slug":"parallax-gallery","status":"publish","type":"page","link":"https:\/\/ryanboussaid.fr\/","title":{"rendered":"Parallax Gallery"},"content":{"rendered":"\n<div class=\"wp-block-columns is-layout-flex wp-container-core-columns-is-layout-9d6595d7 wp-block-columns-is-layout-flex\">\n<div class=\"wp-block-column is-layout-flow wp-block-column-is-layout-flow\" style=\"flex-basis:100%\">\n<div class=\"wp-block-montoya-gutenberg-container content-row dark-section normal row_padding_left row_padding_right has-clip-path\" data-bgcolor=\"#0c0c0c\" style=\"text-align:left\">\n<!-- Showcase List Holder --><div id=\"itemsWrapperLinks\"><!-- Showcase List --><div id=\"itemsWrapper\" class=\"webgl-fitthumbs fx-one\"><!-- Parallax Gallery --><div class=\"snap-slider-holder\"><div class=\"snap-slider-container\"><div class=\"snap-slider-images\"><div class=\"snap-slide trigger-item\"><div class=\"img-mask\"><div class=\"section-image trigger-item-link\"><img decoding=\"async\" src=\"http:\/\/ryanboussaid.fr\/wp-content\/uploads\/2024\/03\/Group-176.png\" class=\"item-image grid__item-img\" alt=\"\"><\/div><img decoding=\"async\" class=\"grid__item-img grid__item-img--large\" src=\"http:\/\/ryanboussaid.fr\/wp-content\/uploads\/2024\/03\/Group-176.png\" alt=\"\" \/><\/div><\/div><div class=\"snap-slide trigger-item\"><div class=\"img-mask\"><div class=\"section-image trigger-item-link\"><img decoding=\"async\" src=\"http:\/\/ryanboussaid.fr\/wp-content\/uploads\/2025\/10\/Group-4.png\" class=\"item-image grid__item-img\" alt=\"\"><\/div><img decoding=\"async\" class=\"grid__item-img grid__item-img--large\" src=\"http:\/\/ryanboussaid.fr\/wp-content\/uploads\/2025\/10\/Group-4.png\" alt=\"\" \/><\/div><\/div><\/div><div class=\"snap-slider-captions\"><div class=\"snap-slider-captions-wrapper content-full-width\"><div class=\"snap-slide-caption\" data-centerLine=\"OPEN\"><div class=\"outer\"><div class=\"inner\"><div class=\"slide-title-wrapper\"><div class=\"slide-title primary-font-title\"><span><span>Mon \u00c9nergie Solaire<\/span><\/span><\/div><a class=\"slide-link\" data-type=\"page-transition\" href=\"https:\/\/ryanboussaid.fr\/index.php\/montoya_portfolio\/solaire\/\"><\/a><\/div><div class=\"slide-subtitle\"><span>UX\/UI DESIGN<\/span> <span>APPLICATION MOBILE<\/span><\/div><\/div><\/div><\/div><div class=\"snap-slide-caption\" data-centerLine=\"OPEN\"><div class=\"outer\"><div class=\"inner\"><div class=\"slide-title-wrapper\"><div class=\"slide-title primary-font-title\"><span><span>Mon Assurance Sant\u00e9<\/span><\/span><\/div><a class=\"slide-link\" data-type=\"page-transition\" href=\"https:\/\/ryanboussaid.fr\/index.php\/montoya_portfolio\/assurance\/\"><\/a><\/div><div class=\"slide-subtitle\"><span>UX\/UI DESIGN<\/span> <span>APPLICATION MOBILE<\/span><\/div><\/div><\/div><\/div><\/div><\/div><\/div><\/div><!--\/Parallax Gallery--><\/div><!--\/Showcase List--><\/div><!--\/Showcase List Holder-->\n<\/div>\n<\/div>\n<\/div>\n\n\n\n<div class=\"wp-block-montoya-gutenberg-container content-row dark-section normal\" data-bgcolor=\"#0c0c0c\" style=\"text-align:center\">\n<div style=\"height:40px\" aria-hidden=\"true\" class=\"wp-block-spacer\"><\/div>\n\n\n\n<span class=\"has-opacity\">OFFRIR UNE EXP\u00c9RIENCE GLOBALE IMMERSIVE, SIMPLE ET INTUITIVE<\/span>\n<br class=\"destroy\" \/><span class=\"has-opacity\">POUR CR\u00c9ER DE L&rsquo;ENGAGEMENT ET FID\u00c9LISER LES UTILISATEURS CIBLES SUR LE LONG TERME.<\/span>\n\n\n\n<div class=\"wp-block-montoya-gutenberg-container content-row dark-section full row_padding_left row_padding_right\" data-bgcolor=\"#0c0c0c\" style=\"text-align:left\">\n<div class=\"wp-block-montoya-gutenberg-list-rotator list-rotator-wrapper\"><div class=\"list-rotator-title\">MES COMP\u00c9TENCES<\/div><div class=\"list-rotator-pin\"><ul class=\"list-rotator primary-font-title\">\n<li class=\"wp-block-montoya-gutenberg-list-rotator-item\">UX\/UI Design<\/li>\n\n\n\n<li class=\"wp-block-montoya-gutenberg-list-rotator-item\">Design Site Web \/ Application Mobile<\/li>\n\n\n\n<li class=\"wp-block-montoya-gutenberg-list-rotator-item\">Recherche Utilisateur<\/li>\n\n\n\n<li class=\"wp-block-montoya-gutenberg-list-rotator-item\">Conception<\/li>\n\n\n\n<li class=\"wp-block-montoya-gutenberg-list-rotator-item\">Prototypage<\/li>\n<\/ul><\/div><\/div>\n<\/div>\n<\/div>\n\n\n\n<div class=\"wp-block-montoya-gutenberg-container content-row dark-section normal\" data-bgcolor=\"#0c0c0c\" style=\"text-align:left\">\n<div style=\"height:40px\" aria-hidden=\"true\" class=\"wp-block-spacer\"><\/div>\n\n\n\n<p class=\"has-text-align-center\"><span class=\"has-opacity\">CR\u00c9ONS QUELQUE CHOSE ENSEMBLE <\/span> <br>JE SUIS OUVERT \u00c0 \u00c9CHANGER AUTOUR DE NOUVELLES OPPORTUNIT\u00c9S PROFESSIONNELLES<\/p>\n\n\n\n<div style=\"height:40px\" aria-hidden=\"true\" class=\"wp-block-spacer\"><\/div>\n\n\n\n<div class=\"button-box text-align-center\"><div class=\"clapat-button-wrap parallax-wrap hide-ball\"><div class=\"clapat-button parallax-element\"><div class=\"button-border parallax-element-second rounded  text-align-center\"><a class=\"\" href=\"mailto:ryanboussaid@gmail.com\" target=\"_blank\"><span data-hover=\"Me Contacter\">Me Contacter<\/span><\/a><\/div><\/div><\/div><\/div>\n<\/div>\n\n\n\n<div style=\"height:40px\" aria-hidden=\"true\" class=\"wp-block-spacer\"><\/div>\n\n\n\n<div class=\"wp-block-montoya-gutenberg-container content-row dark-section normal\" data-bgcolor=\"#0c0c0c\" style=\"text-align:center\">\n<div class=\"wp-block-columns is-layout-flex wp-container-core-columns-is-layout-9d6595d7 wp-block-columns-is-layout-flex\">\n<div class=\"wp-block-column is-layout-flow wp-block-column-is-layout-flow\">\n<div class=\"box-icon-wrapper block-boxes text-align-center\"><div class=\"box-icon\"><i class=\"fa fa-paper-plane fa-2x fa-2x\" aria-hidden=\"true\"><\/i><\/div><div class=\"box-icon-content\"><h6 class=\"no-margins\">ryanboussaid@gmail.com<\/h6><p>Email<\/p><\/div><\/div>\n<\/div>\n\n\n\n<div class=\"wp-block-column is-layout-flow wp-block-column-is-layout-flow\">\n<div class=\"box-icon-wrapper block-boxes text-align-center\"><div class=\"box-icon\"><i class=\"fa fa-map-marker fa-2x fa-2x\" aria-hidden=\"true\"><\/i><\/div><div class=\"box-icon-content\"><h6 class=\"no-margins\">Paris, France<\/h6><p>Adresse<\/p><\/div><\/div>\n<\/div>\n<\/div>\n<\/div>\n","protected":false},"excerpt":{"rendered":"","protected":false},"author":1,"featured_media":0,"parent":0,"menu_order":0,"comment_status":"closed","ping_status":"closed","template":"","meta":{"footnotes":""},"class_list":["post-3039","page","type-page","status-publish","hentry"],"_links":{"self":[{"href":"https:\/\/ryanboussaid.fr\/index.php\/wp-json\/wp\/v2\/pages\/3039","targetHints":{"allow":["GET"]}}],"collection":[{"href":"https:\/\/ryanboussaid.fr\/index.php\/wp-json\/wp\/v2\/pages"}],"about":[{"href":"https:\/\/ryanboussaid.fr\/index.php\/wp-json\/wp\/v2\/types\/page"}],"author":[{"embeddable":true,"href":"https:\/\/ryanboussaid.fr\/index.php\/wp-json\/wp\/v2\/users\/1"}],"replies":[{"embeddable":true,"href":"https:\/\/ryanboussaid.fr\/index.php\/wp-json\/wp\/v2\/comments?post=3039"}],"version-history":[{"count":34,"href":"https:\/\/ryanboussaid.fr\/index.php\/wp-json\/wp\/v2\/pages\/3039\/revisions"}],"predecessor-version":[{"id":3459,"href":"https:\/\/ryanboussaid.fr\/index.php\/wp-json\/wp\/v2\/pages\/3039\/revisions\/3459"}],"wp:attachment":[{"href":"https:\/\/ryanboussaid.fr\/index.php\/wp-json\/wp\/v2\/media?parent=3039"}],"curies":[{"name":"wp","href":"https:\/\/api.w.org\/{rel}","templated":true}]}}